{"id":2264,"date":"2021-05-27T11:12:26","date_gmt":"2021-05-27T09:12:26","guid":{"rendered":"https:\/\/www.zsmilikov.cz\/?page_id=2264"},"modified":"2025-09-17T11:52:32","modified_gmt":"2025-09-17T09:52:32","slug":"poplatky-a-prihlasovani","status":"publish","type":"page","link":"https:\/\/www.zsmilikov.cz\/?page_id=2264","title":{"rendered":"Stanoven\u00ed \u00faplaty a p\u0159ihla\u0161ov\u00e1n\u00ed"},"content":{"rendered":"<p>[vc_row][vc_column][vc_column_text]<span class=\"trx_addons_dark\"><strong>Stanoven\u00ed v\u00fd\u0161e \u00faplaty za z\u00e1jmov\u00e9 vzd\u011bl\u00e1v\u00e1n\u00ed<\/strong><\/span><\/p>\n<p><span class=\"trx_addons_dark\">V souvislosti s novelou \u00a7 123 odst. 4 z\u00e1kona \u010d. 561\/2024 Sb., o p\u0159ed\u0161koln\u00edm, z\u00e1kladn\u00edm, st\u0159edn\u00edm, vy\u0161\u0161\u00edm odborn\u00e9m a jin\u00e9m vzd\u011bl\u00e1v\u00e1n\u00ed, zastupitelstvo obce Mil\u00edkov na sv\u00e9m 18. zased\u00e1n\u00ed dne 29. 4. 2024 projednalo a schv\u00e1lilo v\u00fd\u0161i \u00faplaty za z\u00e1jmov\u00e9 vzd\u011bl\u00e1v\u00e1n\u00ed ve \u0161koln\u00ed dru\u017ein\u011b Z\u00e1kladn\u00ed \u0161koly a Mate\u0159sk\u00e9 \u0161koly Mil\u00edkov, p\u0159\u00edsp\u011bvkov\u00e9 organizaci na 100 K\u010d m\u011bs\u00ed\u010dn\u011b za jednoho \u017e\u00e1ka s \u00fa\u010dinnost\u00ed od 1. 9. 2024. <\/span><\/p>\n<p><span class=\"trx_addons_dark\">Tato \u010d\u00e1stka plat\u00ed i pro ka\u017ed\u00e9 dal\u0161\u00ed d\u00edt\u011b v p\u0159\u00edpad\u011b doch\u00e1zky sourozenc\u016f do \u0161koln\u00ed dru\u017einy. <span style=\"font-weight: 400;\">\u00daplata je splatn\u00e1 p\u0159edem, plat\u00ed se zpravidla ve dvou spl\u00e1tk\u00e1ch \u2013 za obdob\u00ed z\u00e1\u0159\u00ed a\u017e prosinec a leden a\u017e \u010derven na \u00fa\u010det \u0161koly <strong>295199837\/0300. <\/strong>Do zpr\u00e1vy pro p\u0159\u00edjemce se uv\u00e1d\u00ed jm\u00e9no a p\u0159\u00edimen\u00ed d\u00edt\u011bte.<br \/><\/span>Dle vyhl\u00e1\u0161ky o z\u00e1jmov\u00e9m vzd\u011bl\u00e1v\u00e1n\u00ed m\u016f\u017ee \u0159editelka \u0161koly na \u017e\u00e1dost z\u00e1konn\u00e9ho z\u00e1stupce rozhodnout o prominut\u00ed \u00faplaty.<\/span><\/p>\n<p><span class=\"trx_addons_dark\"><span style=\"font-weight: 400;\">P\u0159ihla\u0161ov\u00e1n\u00ed a odhla\u0161ov\u00e1n\u00ed \u017e\u00e1k\u016f ze \u0160D je prov\u00e1d\u011bno na z\u00e1klad\u011b p\u00edsemn\u00fdch \u017e\u00e1dost\u00ed z\u00e1konn\u00fdch z\u00e1stupc\u016f \u017e\u00e1ka. O p\u0159ijet\u00ed \u00fa\u010dastn\u00edka k \u010dinnosti dru\u017einy ve form\u011b pravideln\u00e9 v\u00fdchovn\u00e9, vzd\u011bl\u00e1vac\u00ed a z\u00e1jmov\u00e9 \u010dinnosti se rozhoduje na z\u00e1klad\u011b p\u00edsemn\u00e9 p\u0159ihl\u00e1\u0161ky.\u00a0<\/span><span style=\"font-weight: 400;\">O za\u0159azen\u00ed d\u011bt\u00ed do \u0161koln\u00ed dru\u017einy rozhoduje \u0159editelka \u0161koly.<\/span><\/span>[\/vc_column_text][\/vc_column][\/vc_row]<\/p>\n\n\n<p><\/p>\n","protected":false},"excerpt":{"rendered":"<p>[vc_row][vc_column][vc_column_text]Stanoven\u00ed v\u00fd\u0161e \u00faplaty za z\u00e1jmov\u00e9 vzd\u011bl\u00e1v\u00e1n\u00ed V souvislosti s novelou \u00a7 123 odst. 4 z\u00e1kona \u010d. 561\/2024 Sb., o p\u0159ed\u0161koln\u00edm, z\u00e1kladn\u00edm, st\u0159edn\u00edm, vy\u0161\u0161\u00edm odborn\u00e9m a jin\u00e9m vzd\u011bl\u00e1v\u00e1n\u00ed, zastupitelstvo obce Mil\u00edkov na sv\u00e9m 18. zased\u00e1n\u00ed dne 29. 4. 2024 projednalo a schv\u00e1lilo v\u00fd\u0161i \u00faplaty za z\u00e1jmov\u00e9&hellip;<\/p>\n","protected":false},"author":5,"featured_media":0,"parent":1032,"menu_order":0,"comment_status":"closed","ping_status":"closed","template":"","meta":{"footnotes":""},"class_list":["post-2264","page","type-page","status-publish","hentry"],"_links":{"self":[{"href":"https:\/\/www.zsmilikov.cz\/index.php?rest_route=\/wp\/v2\/pages\/2264","targetHints":{"allow":["GET"]}}],"collection":[{"href":"https:\/\/www.zsmilikov.cz\/index.php?rest_route=\/wp\/v2\/pages"}],"about":[{"href":"https:\/\/www.zsmilikov.cz\/index.php?rest_route=\/wp\/v2\/types\/page"}],"author":[{"embeddable":true,"href":"https:\/\/www.zsmilikov.cz\/index.php?rest_route=\/wp\/v2\/users\/5"}],"replies":[{"embeddable":true,"href":"https:\/\/www.zsmilikov.cz\/index.php?rest_route=%2Fwp%2Fv2%2Fcomments&post=2264"}],"version-history":[{"count":10,"href":"https:\/\/www.zsmilikov.cz\/index.php?rest_route=\/wp\/v2\/pages\/2264\/revisions"}],"predecessor-version":[{"id":3891,"href":"https:\/\/www.zsmilikov.cz\/index.php?rest_route=\/wp\/v2\/pages\/2264\/revisions\/3891"}],"up":[{"embeddable":true,"href":"https:\/\/www.zsmilikov.cz\/index.php?rest_route=\/wp\/v2\/pages\/1032"}],"wp:attachment":[{"href":"https:\/\/www.zsmilikov.cz\/index.php?rest_route=%2Fwp%2Fv2%2Fmedia&parent=2264"}],"curies":[{"name":"wp","href":"https:\/\/api.w.org\/{rel}","templated":true}]}}