{"id":3389,"date":"2024-08-14T07:55:14","date_gmt":"2024-08-14T05:55:14","guid":{"rendered":"https:\/\/www.zsmilikov.cz\/?page_id=3389"},"modified":"2026-01-05T06:51:05","modified_gmt":"2026-01-05T05:51:05","slug":"dokumenty-ms","status":"publish","type":"page","link":"https:\/\/www.zsmilikov.cz\/?page_id=3389","title":{"rendered":"Dokumenty M\u0160"},"content":{"rendered":"<p>[vc_row][vc_column][vc_column_text]<\/p>\n<p><a href=\"https:\/\/drive.google.com\/file\/d\/1aZccnIr9FFfpy6A_MFouEOHEp39-WnU6\/view?usp=sharing\"><strong><span style=\"color: #000000;\">\u0160koln\u00ed vzd\u011bl\u00e1vac\u00ed program<\/span><\/strong><\/a><\/p>\n<p><a href=\"https:\/\/drive.google.com\/file\/d\/1qBxtSIMP3hjpMKp2dvNCxopofYc5OP15\/view?usp=sharing\"><span class=\"trx_addons_dark\"><strong>\u0160koln\u00ed vzd\u011bl\u00e1vac\u00ed program &#8211; dodatek<\/strong><\/span><\/a><\/p>\n<p><a href=\"https:\/\/drive.google.com\/file\/d\/1lQ0WA8db4-QZNEDEtwsyx-r4MQjX8LLb\/view?usp=sharing\"><strong><span style=\"color: #000000;\">\u0160koln\u00ed \u0159\u00e1d<\/span><\/strong><\/a><\/p>\n<p><a href=\"https:\/\/drive.google.com\/file\/d\/1SE74lkaehnI81qvaQXiwEFkmS4qG1yu0\/view?usp=sharing\"><strong><span style=\"color: #000000;\">\u00daplata za p\u0159ed\u0161koln\u00ed vzd\u011bl\u00e1v\u00e1n\u00ed<\/span><\/strong><\/a><\/p>\n<p><a href=\"https:\/\/drive.google.com\/file\/d\/13J1z8xhAurNFtQ38BNtqNiOfGDsOp3cp\/view?usp=sharing\"><span class=\"trx_addons_dark\"><strong>Vnit\u0159n\u00ed \u0159\u00e1d \u0161koln\u00ed j\u00eddelny<\/strong><\/span><\/a><\/p>\n<p><a href=\"https:\/\/drive.google.com\/file\/d\/1DE_Xq_RGTJbQM9kMZ5NIRm8T5bpNPwlQ\/view?usp=sharing\"><span class=\"trx_addons_dark\"><strong>Ceny stravn\u00e9ho<\/strong><\/span><\/a><\/p>\n<p><a href=\"https:\/\/drive.google.com\/file\/d\/1QUiEYvpdXsu48_OpHw5_guEeBMzKi2dc\/view?usp=sharing\"><strong><span style=\"color: #000000;\">10 dobr\u00fdch rad, kter\u00e9 usnadn\u00ed v\u00e1m i va\u0161emu d\u00edt\u011bti n\u00e1stup do \u0161kolky<\/span><\/strong><\/a><\/p>\n<p><a href=\"https:\/\/drive.google.com\/file\/d\/1Wb2lcPFAdhv_JoD0PbFTDIfuP5mxjfOZ\/view?usp=sharing\"><strong><span style=\"color: #000000;\">Co by m\u011blo za\u017e\u00edt ka\u017ed\u00e9 d\u00edt\u011b, ne\u017e jde do \u0161koly<\/span><\/strong><\/a><\/p>\n<p><a href=\"https:\/\/drive.google.com\/file\/d\/1fvqKcJiuuT3fx1AA5HN3sTNVdQlhyhTj\/view?usp=sharing\"><strong><span style=\"color: #000000;\">Desatero pro rodi\u010de budouc\u00edch prv\u0148\u00e1\u010dk\u016f<\/span><\/strong><\/a><\/p>\n<p><a href=\"https:\/\/drive.google.com\/file\/d\/1Nf2XwhKVqKB5kW9k_WEnwR7PuQskkknW\/view?usp=sharing\"><strong><span style=\"color: #000000;\">Jak m\u016f\u017eete pomoci sv\u00e9mu d\u00edt\u011bti p\u0159ed n\u00e1stupem do z\u00e1kladn\u00ed \u0161koly<\/span><\/strong><\/a><\/p>\n<p><a href=\"https:\/\/drive.google.com\/file\/d\/18gV2-G1M9odin_Uo6n6I1gZ1nC8PH7V-\/view?usp=sharing\"><strong><span style=\"color: #000000;\">Informace pro rodi\u010de p\u0159i v\u00fdskytu pedikul\u00f3zy (v\u0161i d\u011btsk\u00e9)<\/span><\/strong><\/a><\/p>\n<p><a href=\"https:\/\/drive.google.com\/file\/d\/1cOZ6kJ6CLKPxNaqcgeMJ_vo0-jbtayFP\/view?usp=sharing\"><strong><span style=\"color: #000000;\">D\u011bti a medi\u00e1ln\u00ed gramotnost<\/span><\/strong><\/a>[\/vc_column_text][\/vc_column][\/vc_row]<\/p>\n","protected":false},"excerpt":{"rendered":"<p>[vc_row][vc_column][vc_column_text] \u0160koln\u00ed vzd\u011bl\u00e1vac\u00ed program \u0160koln\u00ed vzd\u011bl\u00e1vac\u00ed program &#8211; dodatek \u0160koln\u00ed \u0159\u00e1d \u00daplata za p\u0159ed\u0161koln\u00ed vzd\u011bl\u00e1v\u00e1n\u00ed Vnit\u0159n\u00ed \u0159\u00e1d \u0161koln\u00ed j\u00eddelny Ceny stravn\u00e9ho 10 dobr\u00fdch rad, kter\u00e9 usnadn\u00ed v\u00e1m i va\u0161emu d\u00edt\u011bti n\u00e1stup do \u0161kolky Co by m\u011blo za\u017e\u00edt ka\u017ed\u00e9 d\u00edt\u011b, ne\u017e jde do \u0161koly Desatero pro&hellip;<\/p>\n","protected":false},"author":6,"featured_media":0,"parent":0,"menu_order":0,"comment_status":"closed","ping_status":"closed","template":"","meta":{"footnotes":""},"class_list":["post-3389","page","type-page","status-publish","hentry"],"_links":{"self":[{"href":"https:\/\/www.zsmilikov.cz\/index.php?rest_route=\/wp\/v2\/pages\/3389","targetHints":{"allow":["GET"]}}],"collection":[{"href":"https:\/\/www.zsmilikov.cz\/index.php?rest_route=\/wp\/v2\/pages"}],"about":[{"href":"https:\/\/www.zsmilikov.cz\/index.php?rest_route=\/wp\/v2\/types\/page"}],"author":[{"embeddable":true,"href":"https:\/\/www.zsmilikov.cz\/index.php?rest_route=\/wp\/v2\/users\/6"}],"replies":[{"embeddable":true,"href":"https:\/\/www.zsmilikov.cz\/index.php?rest_route=%2Fwp%2Fv2%2Fcomments&post=3389"}],"version-history":[{"count":12,"href":"https:\/\/www.zsmilikov.cz\/index.php?rest_route=\/wp\/v2\/pages\/3389\/revisions"}],"predecessor-version":[{"id":4010,"href":"https:\/\/www.zsmilikov.cz\/index.php?rest_route=\/wp\/v2\/pages\/3389\/revisions\/4010"}],"wp:attachment":[{"href":"https:\/\/www.zsmilikov.cz\/index.php?rest_route=%2Fwp%2Fv2%2Fmedia&parent=3389"}],"curies":[{"name":"wp","href":"https:\/\/api.w.org\/{rel}","templated":true}]}}